{"id":3129,"date":"2025-07-22T21:42:31","date_gmt":"2025-07-22T21:42:31","guid":{"rendered":"https:\/\/prodental.wwh.lv\/?page_id=3129"},"modified":"2025-07-31T10:43:02","modified_gmt":"2025-07-31T10:43:02","slug":"musu-pakalpojumi","status":"publish","type":"page","link":"https:\/\/prodental.wwh.lv\/?page_id=3129","title":{"rendered":"M\u016bsu pakalpojumi"},"content":{"rendered":"\t\t<div data-elementor-type=\"wp-page\" data-elementor-id=\"3129\" class=\"elementor elementor-3129\">\n\t\t\t\t<div class=\"elementor-element elementor-element-16cb7ba e-flex e-con-boxed e-con e-parent\" data-id=\"16cb7ba\" data-element_type=\"container\">\n\t\t\t\t\t<div class=\"e-con-inner\">\n\t\t<div class=\"elementor-element elementor-element-ab96828 e-con-full e-flex e-con e-child\" data-id=\"ab96828\" data-element_type=\"container\">\n\t\t\t\t<div class=\"elementor-element elementor-element-5f927e1 elementor-widget__width-initial elementor-widget elementor-widget-image\" data-id=\"5f927e1\" data-element_type=\"widget\" data-widget_type=\"image.default\">\n\t\t\t\t<div class=\"elementor-widget-container\">\n\t\t\t\t\t\t\t\t\t\t\t\t\t\t\t<img decoding=\"async\" width=\"300\" height=\"100\" src=\"https:\/\/prodental.wwh.lv\/wp-content\/uploads\/2025\/06\/cropped-ProDental_logo-300x100.jpg\" class=\"attachment-medium size-medium wp-image-2887\" alt=\"\" srcset=\"https:\/\/prodental.wwh.lv\/wp-content\/uploads\/2025\/06\/cropped-ProDental_logo-300x100.jpg 300w, https:\/\/prodental.wwh.lv\/wp-content\/uploads\/2025\/06\/cropped-ProDental_logo-1024x341.jpg 1024w, https:\/\/prodental.wwh.lv\/wp-content\/uploads\/2025\/06\/cropped-ProDental_logo-768x256.jpg 768w, https:\/\/prodental.wwh.lv\/wp-content\/uploads\/2025\/06\/cropped-ProDental_logo.jpg 1080w\" sizes=\"(max-width: 300px) 100vw, 300px\" \/>\t\t\t\t\t\t\t\t\t\t\t\t\t\t\t<\/div>\n\t\t\t\t<\/div>\n\t\t\t\t<\/div>\n\t\t\t\t\t<\/div>\n\t\t\t\t<\/div>\n\t\t<div class=\"elementor-element elementor-element-5625322f e-con-full e-flex e-con e-parent\" data-id=\"5625322f\" data-element_type=\"container\" data-settings=\"{&quot;background_background&quot;:&quot;classic&quot;}\">\n\t\t<div class=\"elementor-element elementor-element-17e59d13 e-con-full e-flex e-con e-child\" data-id=\"17e59d13\" data-element_type=\"container\">\n\t\t\t\t<div class=\"elementor-element elementor-element-4b3379a elementor-arrows-position-inside elementor-pagination-position-outside elementor-widget elementor-widget-image-carousel\" data-id=\"4b3379a\" data-element_type=\"widget\" data-settings=\"{&quot;slides_to_show&quot;:&quot;1&quot;,&quot;navigation&quot;:&quot;both&quot;,&quot;autoplay&quot;:&quot;yes&quot;,&quot;pause_on_hover&quot;:&quot;yes&quot;,&quot;pause_on_interaction&quot;:&quot;yes&quot;,&quot;autoplay_speed&quot;:5000,&quot;infinite&quot;:&quot;yes&quot;,&quot;effect&quot;:&quot;slide&quot;,&quot;speed&quot;:500}\" data-widget_type=\"image-carousel.default\">\n\t\t\t\t<div class=\"elementor-widget-container\">\n\t\t\t\t\t\t\t<div class=\"elementor-image-carousel-wrapper swiper\" role=\"region\" aria-roledescription=\"carousel\" aria-label=\"Image Carousel\" dir=\"ltr\">\n\t\t\t<div class=\"elementor-image-carousel swiper-wrapper\" aria-live=\"off\">\n\t\t\t\t\t\t\t\t<div class=\"swiper-slide\" role=\"group\" aria-roledescription=\"slide\" aria-label=\"1 of 22\"><figure class=\"swiper-slide-inner\"><img decoding=\"async\" class=\"swiper-slide-image\" src=\"https:\/\/prodental.wwh.lv\/wp-content\/uploads\/2025\/07\/Artistic-wax_small.jpg\" alt=\"Artistic wax_small\" \/><\/figure><\/div><div class=\"swiper-slide\" role=\"group\" aria-roledescription=\"slide\" aria-label=\"2 of 22\"><figure class=\"swiper-slide-inner\"><img decoding=\"async\" class=\"swiper-slide-image\" src=\"https:\/\/prodental.wwh.lv\/wp-content\/uploads\/2025\/07\/CC-DISK-CoCr-line_small.jpg\" alt=\"CC DISK CoCr line_small\" \/><\/figure><\/div><div class=\"swiper-slide\" role=\"group\" aria-roledescription=\"slide\" aria-label=\"3 of 22\"><figure class=\"swiper-slide-inner\"><img decoding=\"async\" class=\"swiper-slide-image\" src=\"https:\/\/prodental.wwh.lv\/wp-content\/uploads\/2025\/07\/CC-DISK-MILLED_small.jpg\" alt=\"CC DISK MILLED_small\" \/><\/figure><\/div><div class=\"swiper-slide\" role=\"group\" aria-roledescription=\"slide\" aria-label=\"4 of 22\"><figure class=\"swiper-slide-inner\"><img decoding=\"async\" class=\"swiper-slide-image\" src=\"https:\/\/prodental.wwh.lv\/wp-content\/uploads\/2025\/07\/CC-DISK-PMMA-WAX_small.jpg\" alt=\"CC DISK PMMA + WAX_small\" \/><\/figure><\/div><div class=\"swiper-slide\" role=\"group\" aria-roledescription=\"slide\" aria-label=\"5 of 22\"><figure class=\"swiper-slide-inner\"><img decoding=\"async\" class=\"swiper-slide-image\" src=\"https:\/\/prodental.wwh.lv\/wp-content\/uploads\/2025\/07\/CC-Universe_small.jpg\" alt=\"CC Universe_small\" \/><\/figure><\/div><div class=\"swiper-slide\" role=\"group\" aria-roledescription=\"slide\" aria-label=\"6 of 22\"><figure class=\"swiper-slide-inner\"><img decoding=\"async\" class=\"swiper-slide-image\" src=\"https:\/\/prodental.wwh.lv\/wp-content\/uploads\/2025\/07\/CC-Discs-Zr_small.jpg\" alt=\"CC Discs Zr_small\" \/><\/figure><\/div><div class=\"swiper-slide\" role=\"group\" aria-roledescription=\"slide\" aria-label=\"7 of 22\"><figure class=\"swiper-slide-inner\"><img decoding=\"async\" class=\"swiper-slide-image\" src=\"https:\/\/prodental.wwh.lv\/wp-content\/uploads\/2025\/07\/CC-newChic1_small.jpg\" alt=\"CC newChic1_small\" \/><\/figure><\/div><div class=\"swiper-slide\" role=\"group\" aria-roledescription=\"slide\" aria-label=\"8 of 22\"><figure class=\"swiper-slide-inner\"><img decoding=\"async\" class=\"swiper-slide-image\" src=\"https:\/\/prodental.wwh.lv\/wp-content\/uploads\/2025\/07\/Gelodouble-25-6kg_small.jpg\" alt=\"Gelodouble 2,5 + 6kg_small\" \/><\/figure><\/div><div class=\"swiper-slide\" role=\"group\" aria-roledescription=\"slide\" aria-label=\"9 of 22\"><figure class=\"swiper-slide-inner\"><img decoding=\"async\" class=\"swiper-slide-image\" src=\"https:\/\/prodental.wwh.lv\/wp-content\/uploads\/2025\/07\/Dental-laboratory-equipment_small.jpg\" alt=\"Dental laboratory equipment_small\" \/><\/figure><\/div><div class=\"swiper-slide\" role=\"group\" aria-roledescription=\"slide\" aria-label=\"10 of 22\"><figure class=\"swiper-slide-inner\"><img decoding=\"async\" class=\"swiper-slide-image\" src=\"https:\/\/prodental.wwh.lv\/wp-content\/uploads\/2025\/07\/Wax-wire-in-roll_small-2048x1365.jpg\" alt=\"Wax wire in roll_small\" \/><\/figure><\/div><div class=\"swiper-slide\" role=\"group\" aria-roledescription=\"slide\" aria-label=\"11 of 22\"><figure class=\"swiper-slide-inner\"><img decoding=\"async\" class=\"swiper-slide-image\" src=\"https:\/\/prodental.wwh.lv\/wp-content\/uploads\/2025\/07\/Thermotop.png\" alt=\"Thermotop\" \/><\/figure><\/div><div class=\"swiper-slide\" role=\"group\" aria-roledescription=\"slide\" aria-label=\"12 of 22\"><figure class=\"swiper-slide-inner\"><img decoding=\"async\" class=\"swiper-slide-image\" src=\"https:\/\/prodental.wwh.lv\/wp-content\/uploads\/2025\/07\/I-bond-02_small.jpg\" alt=\"I-bond 02_small\" \/><\/figure><\/div><div class=\"swiper-slide\" role=\"group\" aria-roledescription=\"slide\" aria-label=\"13 of 22\"><figure class=\"swiper-slide-inner\"><img decoding=\"async\" class=\"swiper-slide-image\" src=\"https:\/\/prodental.wwh.lv\/wp-content\/uploads\/2025\/07\/IMG_9627-2048x1365.jpg\" alt=\"IMG_9627\" \/><\/figure><\/div><div class=\"swiper-slide\" role=\"group\" aria-roledescription=\"slide\" aria-label=\"14 of 22\"><figure class=\"swiper-slide-inner\"><img decoding=\"async\" class=\"swiper-slide-image\" src=\"https:\/\/prodental.wwh.lv\/wp-content\/uploads\/2025\/07\/Interacryl-Cast_small-2048x1365.jpg\" alt=\"Interacryl Cast_small\" \/><\/figure><\/div><div class=\"swiper-slide\" role=\"group\" aria-roledescription=\"slide\" aria-label=\"15 of 22\"><figure class=\"swiper-slide-inner\"><img decoding=\"async\" class=\"swiper-slide-image\" src=\"https:\/\/prodental.wwh.lv\/wp-content\/uploads\/2025\/07\/Interacryl-Cold-liquid_small.jpg\" alt=\"Interacryl Cold liquid_small\" \/><\/figure><\/div><div class=\"swiper-slide\" role=\"group\" aria-roledescription=\"slide\" aria-label=\"16 of 22\"><figure class=\"swiper-slide-inner\"><img decoding=\"async\" class=\"swiper-slide-image\" src=\"https:\/\/prodental.wwh.lv\/wp-content\/uploads\/2025\/07\/Interacryl-Hot-set_small.jpg\" alt=\"Interacryl Hot set_small\" \/><\/figure><\/div><div class=\"swiper-slide\" role=\"group\" aria-roledescription=\"slide\" aria-label=\"17 of 22\"><figure class=\"swiper-slide-inner\"><img decoding=\"async\" class=\"swiper-slide-image\" src=\"https:\/\/prodental.wwh.lv\/wp-content\/uploads\/2025\/07\/Interalox-7kg-and-20kg_small.jpg\" alt=\"Interalox 7kg and 20kg_small\" \/><\/figure><\/div><div class=\"swiper-slide\" role=\"group\" aria-roledescription=\"slide\" aria-label=\"18 of 22\"><figure class=\"swiper-slide-inner\"><img decoding=\"async\" class=\"swiper-slide-image\" src=\"https:\/\/prodental.wwh.lv\/wp-content\/uploads\/2025\/07\/Interduplicast-5-5_small.jpg\" alt=\"Interduplicast 5 +5_small\" \/><\/figure><\/div><div class=\"swiper-slide\" role=\"group\" aria-roledescription=\"slide\" aria-label=\"19 of 22\"><figure class=\"swiper-slide-inner\"><img decoding=\"async\" class=\"swiper-slide-image\" src=\"https:\/\/prodental.wwh.lv\/wp-content\/uploads\/2025\/07\/Interrock-NEW-cpl_small.jpg\" alt=\"Interrock NEW cpl_small\" \/><\/figure><\/div><div class=\"swiper-slide\" role=\"group\" aria-roledescription=\"slide\" aria-label=\"20 of 22\"><figure class=\"swiper-slide-inner\"><img decoding=\"async\" class=\"swiper-slide-image\" src=\"https:\/\/prodental.wwh.lv\/wp-content\/uploads\/2025\/07\/Interstone-NEW-cpl_small.jpg\" alt=\"Interstone NEW cpl_small\" \/><\/figure><\/div><div class=\"swiper-slide\" role=\"group\" aria-roledescription=\"slide\" aria-label=\"21 of 22\"><figure class=\"swiper-slide-inner\"><img decoding=\"async\" class=\"swiper-slide-image\" src=\"https:\/\/prodental.wwh.lv\/wp-content\/uploads\/2025\/07\/Mobile-dental-lamp_small.jpg\" alt=\"Mobile dental lamp_small\" \/><\/figure><\/div><div class=\"swiper-slide\" role=\"group\" aria-roledescription=\"slide\" aria-label=\"22 of 22\"><figure class=\"swiper-slide-inner\"><img decoding=\"async\" class=\"swiper-slide-image\" src=\"https:\/\/prodental.wwh.lv\/wp-content\/uploads\/2025\/07\/f-40-2048x1365.jpg\" alt=\"f-40\" \/><\/figure><\/div>\t\t\t<\/div>\n\t\t\t\t\t\t\t\t\t\t\t\t<div class=\"elementor-swiper-button elementor-swiper-button-prev\" role=\"button\" tabindex=\"0\">\n\t\t\t\t\t\t<svg aria-hidden=\"true\" class=\"e-font-icon-svg e-eicon-chevron-left\" viewBox=\"0 0 1000 1000\" xmlns=\"http:\/\/www.w3.org\/2000\/svg\"><path d=\"M646 125C629 125 613 133 604 142L308 442C296 454 292 471 292 487 292 504 296 521 308 533L604 854C617 867 629 875 646 875 663 875 679 871 692 858 704 846 713 829 713 812 713 796 708 779 692 767L438 487 692 225C700 217 708 204 708 187 708 171 704 154 692 142 675 129 663 125 646 125Z\"><\/path><\/svg>\t\t\t\t\t<\/div>\n\t\t\t\t\t<div class=\"elementor-swiper-button elementor-swiper-button-next\" role=\"button\" tabindex=\"0\">\n\t\t\t\t\t\t<svg aria-hidden=\"true\" class=\"e-font-icon-svg e-eicon-chevron-right\" viewBox=\"0 0 1000 1000\" xmlns=\"http:\/\/www.w3.org\/2000\/svg\"><path d=\"M696 533C708 521 713 504 713 487 713 471 708 454 696 446L400 146C388 133 375 125 354 125 338 125 325 129 313 142 300 154 292 171 292 187 292 204 296 221 308 233L563 492 304 771C292 783 288 800 288 817 288 833 296 850 308 863 321 871 338 875 354 875 371 875 388 867 400 854L696 533Z\"><\/path><\/svg>\t\t\t\t\t<\/div>\n\t\t\t\t\n\t\t\t\t\t\t\t\t\t<div class=\"swiper-pagination\"><\/div>\n\t\t\t\t\t\t\t\t\t<\/div>\n\t\t\t\t\t\t<\/div>\n\t\t\t\t<\/div>\n\t\t\t\t<\/div>\n\t\t<div class=\"elementor-element elementor-element-5f318467 e-con-full e-flex e-con e-child\" data-id=\"5f318467\" data-element_type=\"container\">\n\t\t\t\t<div class=\"elementor-element elementor-element-938d23f elementor-widget-tablet__width-initial elementor-widget elementor-widget-heading\" data-id=\"938d23f\" data-element_type=\"widget\" data-widget_type=\"heading.default\">\n\t\t\t\t<div class=\"elementor-widget-container\">\n\t\t\t\t\t<h1 class=\"elementor-heading-title elementor-size-default\">M\u016bsu pakalpojumi<\/h1>\t\t\t\t<\/div>\n\t\t\t\t<\/div>\n\t\t\t\t<div class=\"elementor-element elementor-element-322cc565 elementor-widget-tablet__width-initial elementor-widget elementor-widget-text-editor\" data-id=\"322cc565\" data-element_type=\"widget\" data-widget_type=\"text-editor.default\">\n\t\t\t\t<div class=\"elementor-widget-container\">\n\t\t\t\t\t\t\t\t\t<p>Materi\u0101li zobu tehni\u0137iem, visa veida iek\u0101rtas, instrumenti, zob\u0101rstniec\u012bbas m\u0113beles, prot\u0113zes un citi pakalpojumi.<\/p>\t\t\t\t\t\t\t\t<\/div>\n\t\t\t\t<\/div>\n\t\t\t\t<\/div>\n\t\t\t\t<\/div>\n\t\t<div class=\"elementor-element elementor-element-16529d66 e-con-full e-flex e-con e-parent\" data-id=\"16529d66\" data-element_type=\"container\" data-settings=\"{&quot;background_background&quot;:&quot;classic&quot;}\">\n\t\t<div class=\"elementor-element elementor-element-1618377e e-con-full e-flex e-con e-child\" data-id=\"1618377e\" data-element_type=\"container\">\n\t\t\t\t<div class=\"elementor-element elementor-element-6a70587d elementor-widget elementor-widget-heading\" data-id=\"6a70587d\" data-element_type=\"widget\" data-widget_type=\"heading.default\">\n\t\t\t\t<div class=\"elementor-widget-container\">\n\t\t\t\t\t<h2 class=\"elementor-heading-title elementor-size-default\">Viss zobu tehni\u0137iem<\/h2>\t\t\t\t<\/div>\n\t\t\t\t<\/div>\n\t\t\t\t<div class=\"elementor-element elementor-element-290f01e3 elementor-widget elementor-widget-text-editor\" data-id=\"290f01e3\" data-element_type=\"widget\" data-widget_type=\"text-editor.default\">\n\t\t\t\t<div class=\"elementor-widget-container\">\n\t\t\t\t\t\t\t\t\t<ul><li>Materi\u0101li<\/li><li>Visa veida iek\u0101rtas (ar\u012b CADCAM)<\/li><li>Instrumenti<\/li><li>M\u0113beles<\/li><\/ul>\t\t\t\t\t\t\t\t<\/div>\n\t\t\t\t<\/div>\n\t\t\t\t<\/div>\n\t\t<div class=\"elementor-element elementor-element-67e82d1f e-con-full e-flex e-con e-child\" data-id=\"67e82d1f\" data-element_type=\"container\">\n\t\t\t\t<div class=\"elementor-element elementor-element-7f67ac99 elementor-widget elementor-widget-image\" data-id=\"7f67ac99\" data-element_type=\"widget\" data-widget_type=\"image.default\">\n\t\t\t\t<div class=\"elementor-widget-container\">\n\t\t\t\t\t\t\t\t\t\t\t\t\t\t\t<img fetchpriority=\"high\" decoding=\"async\" width=\"1024\" height=\"683\" src=\"https:\/\/prodental.wwh.lv\/wp-content\/uploads\/2025\/07\/CC-Discs-Zr_small-1024x683.jpg\" class=\"attachment-large size-large wp-image-3006\" alt=\"\" srcset=\"https:\/\/prodental.wwh.lv\/wp-content\/uploads\/2025\/07\/CC-Discs-Zr_small-1024x683.jpg 1024w, https:\/\/prodental.wwh.lv\/wp-content\/uploads\/2025\/07\/CC-Discs-Zr_small-300x200.jpg 300w, https:\/\/prodental.wwh.lv\/wp-content\/uploads\/2025\/07\/CC-Discs-Zr_small-768x512.jpg 768w, https:\/\/prodental.wwh.lv\/wp-content\/uploads\/2025\/07\/CC-Discs-Zr_small-1536x1024.jpg 1536w, https:\/\/prodental.wwh.lv\/wp-content\/uploads\/2025\/07\/CC-Discs-Zr_small.jpg 1920w\" sizes=\"(max-width: 1024px) 100vw, 1024px\" \/>\t\t\t\t\t\t\t\t\t\t\t\t\t\t\t<\/div>\n\t\t\t\t<\/div>\n\t\t\t\t<\/div>\n\t\t\t\t<\/div>\n\t\t<div class=\"elementor-element elementor-element-2555976f e-con-full e-flex e-con e-parent\" data-id=\"2555976f\" data-element_type=\"container\" data-settings=\"{&quot;background_background&quot;:&quot;classic&quot;}\">\n\t\t<div class=\"elementor-element elementor-element-276d7583 e-con-full e-flex e-con e-child\" data-id=\"276d7583\" data-element_type=\"container\">\n\t\t\t\t<div class=\"elementor-element elementor-element-3e982e2f elementor-widget elementor-widget-heading\" data-id=\"3e982e2f\" data-element_type=\"widget\" data-widget_type=\"heading.default\">\n\t\t\t\t<div class=\"elementor-widget-container\">\n\t\t\t\t\t<h2 class=\"elementor-heading-title elementor-size-default\">CADCAM pas\u016bt\u012bjumi<\/h2>\t\t\t\t<\/div>\n\t\t\t\t<\/div>\n\t\t\t\t<div class=\"elementor-element elementor-element-4051161 elementor-widget elementor-widget-text-editor\" data-id=\"4051161\" data-element_type=\"widget\" data-widget_type=\"text-editor.default\">\n\t\t\t\t<div class=\"elementor-widget-container\">\n\t\t\t\t\t\t\t\t\t<ul><li>Milling centra pakalpojumi no visu veidu materi\u0101liem (sadarb\u012bb\u0101 ar INTERDENT ra\u017eot\u0101ju)<\/li><li>CADCAM kataloga pas\u016bt\u012bjumi<\/li><\/ul>\t\t\t\t\t\t\t\t<\/div>\n\t\t\t\t<\/div>\n\t\t\t\t<\/div>\n\t\t<div class=\"elementor-element elementor-element-26df9579 e-con-full e-flex e-con e-child\" data-id=\"26df9579\" data-element_type=\"container\">\n\t\t\t\t<div class=\"elementor-element elementor-element-6e3aae12 elementor-widget elementor-widget-image\" data-id=\"6e3aae12\" data-element_type=\"widget\" data-widget_type=\"image.default\">\n\t\t\t\t<div class=\"elementor-widget-container\">\n\t\t\t\t\t\t\t\t\t\t\t\t\t\t\t<img decoding=\"async\" width=\"1024\" height=\"683\" src=\"https:\/\/prodental.wwh.lv\/wp-content\/uploads\/2025\/07\/CC-newChic1_small-1024x683.jpg\" class=\"attachment-large size-large wp-image-3005\" alt=\"\" srcset=\"https:\/\/prodental.wwh.lv\/wp-content\/uploads\/2025\/07\/CC-newChic1_small-1024x683.jpg 1024w, https:\/\/prodental.wwh.lv\/wp-content\/uploads\/2025\/07\/CC-newChic1_small-300x200.jpg 300w, https:\/\/prodental.wwh.lv\/wp-content\/uploads\/2025\/07\/CC-newChic1_small-768x512.jpg 768w, https:\/\/prodental.wwh.lv\/wp-content\/uploads\/2025\/07\/CC-newChic1_small-1536x1024.jpg 1536w, https:\/\/prodental.wwh.lv\/wp-content\/uploads\/2025\/07\/CC-newChic1_small.jpg 1920w\" sizes=\"(max-width: 1024px) 100vw, 1024px\" \/>\t\t\t\t\t\t\t\t\t\t\t\t\t\t\t<\/div>\n\t\t\t\t<\/div>\n\t\t\t\t<\/div>\n\t\t\t\t<\/div>\n\t\t<div class=\"elementor-element elementor-element-4eda93df e-con-full e-flex e-con e-parent\" data-id=\"4eda93df\" data-element_type=\"container\" data-settings=\"{&quot;background_background&quot;:&quot;classic&quot;}\">\n\t\t<div class=\"elementor-element elementor-element-7b01bd1d e-con-full e-flex e-con e-child\" data-id=\"7b01bd1d\" data-element_type=\"container\">\n\t\t\t\t<div class=\"elementor-element elementor-element-713d4072 elementor-widget elementor-widget-heading\" data-id=\"713d4072\" data-element_type=\"widget\" data-widget_type=\"heading.default\">\n\t\t\t\t<div class=\"elementor-widget-container\">\n\t\t\t\t\t<h2 class=\"elementor-heading-title elementor-size-default\">Prot\u0113zes<\/h2>\t\t\t\t<\/div>\n\t\t\t\t<\/div>\n\t\t\t\t<div class=\"elementor-element elementor-element-b0c2024 elementor-widget elementor-widget-text-editor\" data-id=\"b0c2024\" data-element_type=\"widget\" data-widget_type=\"text-editor.default\">\n\t\t\t\t<div class=\"elementor-widget-container\">\n\t\t\t\t\t\t\t\t\t<ul><li>Visa veida zobu prot\u0113\u017eu ieg\u0101de, pas\u016bt\u012b\u0161ana un izgatavo\u0161ana<\/li><\/ul>\t\t\t\t\t\t\t\t<\/div>\n\t\t\t\t<\/div>\n\t\t\t\t<\/div>\n\t\t<div class=\"elementor-element elementor-element-4afc617a e-con-full e-flex e-con e-child\" data-id=\"4afc617a\" data-element_type=\"container\">\n\t\t\t\t<div class=\"elementor-element elementor-element-1bd85319 elementor-widget elementor-widget-image\" data-id=\"1bd85319\" data-element_type=\"widget\" data-widget_type=\"image.default\">\n\t\t\t\t<div class=\"elementor-widget-container\">\n\t\t\t\t\t\t\t\t\t\t\t\t\t\t\t<img loading=\"lazy\" decoding=\"async\" width=\"1024\" height=\"683\" src=\"https:\/\/prodental.wwh.lv\/wp-content\/uploads\/2025\/07\/IMG_9627-1024x683.jpg\" class=\"attachment-large size-large wp-image-2994\" alt=\"\" srcset=\"https:\/\/prodental.wwh.lv\/wp-content\/uploads\/2025\/07\/IMG_9627-1024x683.jpg 1024w, https:\/\/prodental.wwh.lv\/wp-content\/uploads\/2025\/07\/IMG_9627-300x200.jpg 300w, https:\/\/prodental.wwh.lv\/wp-content\/uploads\/2025\/07\/IMG_9627-768x512.jpg 768w, https:\/\/prodental.wwh.lv\/wp-content\/uploads\/2025\/07\/IMG_9627-1536x1024.jpg 1536w, https:\/\/prodental.wwh.lv\/wp-content\/uploads\/2025\/07\/IMG_9627-2048x1365.jpg 2048w\" sizes=\"(max-width: 1024px) 100vw, 1024px\" \/>\t\t\t\t\t\t\t\t\t\t\t\t\t\t\t<\/div>\n\t\t\t\t<\/div>\n\t\t\t\t<\/div>\n\t\t\t\t<\/div>\n\t\t<div class=\"elementor-element elementor-element-3fab67d5 e-flex e-con-boxed e-con e-parent\" data-id=\"3fab67d5\" data-element_type=\"container\" data-settings=\"{&quot;background_background&quot;:&quot;classic&quot;}\">\n\t\t\t\t\t<div class=\"e-con-inner\">\n\t\t\t\t<div class=\"elementor-element elementor-element-2ea332b9 elementor-widget elementor-widget-heading\" data-id=\"2ea332b9\" data-element_type=\"widget\" data-widget_type=\"heading.default\">\n\t\t\t\t<div class=\"elementor-widget-container\">\n\t\t\t\t\t<h3 class=\"elementor-heading-title elementor-size-default\">Pie mums var atrast visu zobu tehni\u0137a darbam!<\/h3>\t\t\t\t<\/div>\n\t\t\t\t<\/div>\n\t\t\t\t<div class=\"elementor-element elementor-element-d87d80 elementor-widget elementor-widget-text-editor\" data-id=\"d87d80\" data-element_type=\"widget\" data-widget_type=\"text-editor.default\">\n\t\t\t\t<div class=\"elementor-widget-container\">\n\t\t\t\t\t\t\t\t\t<p>Izmanto iesp\u0113ju un aizpildi pas\u016bt\u012bjuma formu, un m\u0113s ar Tevi sazin\u0101simies p\u0101ris darbadienu laik\u0101!<\/p>\t\t\t\t\t\t\t\t<\/div>\n\t\t\t\t<\/div>\n\t\t\t\t<div class=\"elementor-element elementor-element-7b02f7e0 elementor-mobile-align-center elementor-align-center elementor-widget elementor-widget-button\" data-id=\"7b02f7e0\" data-element_type=\"widget\" data-widget_type=\"button.default\">\n\t\t\t\t<div class=\"elementor-widget-container\">\n\t\t\t\t\t\t\t\t\t<div class=\"elementor-button-wrapper\">\n\t\t\t\t\t<a class=\"elementor-button elementor-button-link elementor-size-sm\" href=\"https:\/\/prodental.wwh.lv\/#Pasutit\">\n\t\t\t\t\t\t<span class=\"elementor-button-content-wrapper\">\n\t\t\t\t\t\t\t\t\t<span class=\"elementor-button-text\">PAS\u016aT\u012aT<\/span>\n\t\t\t\t\t<\/span>\n\t\t\t\t\t<\/a>\n\t\t\t\t<\/div>\n\t\t\t\t\t\t\t\t<\/div>\n\t\t\t\t<\/div>\n\t\t\t\t\t<\/div>\n\t\t\t\t<\/div>\n\t\t<div class=\"elementor-element elementor-element-a11aa83 e-flex e-con-boxed e-con e-parent\" data-id=\"a11aa83\" data-element_type=\"container\">\n\t\t\t\t\t<div class=\"e-con-inner\">\n\t\t\t\t\t<\/div>\n\t\t\t\t<\/div>\n\t\t\t\t<\/div>\n\t\t","protected":false},"excerpt":{"rendered":"<p>M\u016bsu pakalpojumi Materi\u0101li zobu tehni\u0137iem, visa veida iek\u0101rtas, instrumenti, zob\u0101rstniec\u012bbas m\u0113beles, prot\u0113zes un citi pakalpojumi. Viss zobu tehni\u0137iem Materi\u0101li Visa veida iek\u0101rtas (ar\u012b CADCAM) Instrumenti M\u0113beles CADCAM pas\u016bt\u012bjumi Milling centra pakalpojumi no visu veidu materi\u0101liem (sadarb\u012bb\u0101 ar INTERDENT ra\u017eot\u0101ju) CADCAM kataloga pas\u016bt\u012bjumi Prot\u0113zes Visa veida zobu prot\u0113\u017eu ieg\u0101de, pas\u016bt\u012b\u0161ana un izgatavo\u0161ana Pie mums var atrast [&hellip;]<\/p>\n","protected":false},"author":1,"featured_media":0,"parent":0,"menu_order":0,"comment_status":"closed","ping_status":"closed","template":"","meta":{"zakra_sidebar_layout":"customizer","zakra_remove_content_margin":false,"zakra_sidebar":"customizer","zakra_transparent_header":"customizer","zakra_logo":0,"zakra_main_header_style":"default","zakra_menu_item_color":"","zakra_menu_item_hover_color":"","zakra_menu_item_active_color":"","zakra_menu_active_style":"","zakra_page_header":true,"footnotes":""},"class_list":["post-3129","page","type-page","status-publish","hentry"],"_links":{"self":[{"href":"https:\/\/prodental.wwh.lv\/index.php?rest_route=\/wp\/v2\/pages\/3129","targetHints":{"allow":["GET"]}}],"collection":[{"href":"https:\/\/prodental.wwh.lv\/index.php?rest_route=\/wp\/v2\/pages"}],"about":[{"href":"https:\/\/prodental.wwh.lv\/index.php?rest_route=\/wp\/v2\/types\/page"}],"author":[{"embeddable":true,"href":"https:\/\/prodental.wwh.lv\/index.php?rest_route=\/wp\/v2\/users\/1"}],"replies":[{"embeddable":true,"href":"https:\/\/prodental.wwh.lv\/index.php?rest_route=%2Fwp%2Fv2%2Fcomments&post=3129"}],"version-history":[{"count":40,"href":"https:\/\/prodental.wwh.lv\/index.php?rest_route=\/wp\/v2\/pages\/3129\/revisions"}],"predecessor-version":[{"id":3364,"href":"https:\/\/prodental.wwh.lv\/index.php?rest_route=\/wp\/v2\/pages\/3129\/revisions\/3364"}],"wp:attachment":[{"href":"https:\/\/prodental.wwh.lv\/index.php?rest_route=%2Fwp%2Fv2%2Fmedia&parent=3129"}],"curies":[{"name":"wp","href":"https:\/\/api.w.org\/{rel}","templated":true}]}}