{"id":2841,"date":"2024-04-30T03:12:22","date_gmt":"2024-04-30T03:12:22","guid":{"rendered":"https:\/\/ap0.qsandbox.cloud\/site\/zakra-dentify\/?page_id=12"},"modified":"2025-07-31T10:15:51","modified_gmt":"2025-07-31T10:15:51","slug":"apmacibas","status":"publish","type":"page","link":"https:\/\/prodental.wwh.lv\/?page_id=2841","title":{"rendered":"Apm\u0101c\u012bbas"},"content":{"rendered":"\t\t<div data-elementor-type=\"wp-page\" data-elementor-id=\"2841\" class=\"elementor elementor-2841\">\n\t\t\t\t<div class=\"elementor-element elementor-element-00c34de e-flex e-con-boxed e-con e-parent\" data-id=\"00c34de\" data-element_type=\"container\">\n\t\t\t\t\t<div class=\"e-con-inner\">\n\t\t\t\t<div class=\"elementor-element elementor-element-23be82a elementor-widget__width-initial elementor-widget elementor-widget-image\" data-id=\"23be82a\" data-element_type=\"widget\" data-widget_type=\"image.default\">\n\t\t\t\t<div class=\"elementor-widget-container\">\n\t\t\t\t\t\t\t\t\t\t\t\t\t\t\t<img decoding=\"async\" width=\"300\" height=\"100\" src=\"https:\/\/prodental.wwh.lv\/wp-content\/uploads\/2025\/06\/cropped-ProDental_logo-300x100.jpg\" class=\"attachment-medium size-medium wp-image-2887\" alt=\"\" srcset=\"https:\/\/prodental.wwh.lv\/wp-content\/uploads\/2025\/06\/cropped-ProDental_logo-300x100.jpg 300w, https:\/\/prodental.wwh.lv\/wp-content\/uploads\/2025\/06\/cropped-ProDental_logo-1024x341.jpg 1024w, https:\/\/prodental.wwh.lv\/wp-content\/uploads\/2025\/06\/cropped-ProDental_logo-768x256.jpg 768w, https:\/\/prodental.wwh.lv\/wp-content\/uploads\/2025\/06\/cropped-ProDental_logo.jpg 1080w\" sizes=\"(max-width: 300px) 100vw, 300px\" \/>\t\t\t\t\t\t\t\t\t\t\t\t\t\t\t<\/div>\n\t\t\t\t<\/div>\n\t\t\t\t\t<\/div>\n\t\t\t\t<\/div>\n\t\t<div class=\"elementor-element elementor-element-13f587a e-con-full e-grid e-con e-parent\" data-id=\"13f587a\" data-element_type=\"container\" data-settings=\"{&quot;background_background&quot;:&quot;classic&quot;}\">\n\t\t<div class=\"elementor-element elementor-element-0785091 e-con-full e-flex e-con e-child\" data-id=\"0785091\" data-element_type=\"container\">\n\t\t<div class=\"elementor-element elementor-element-3f84c85 e-con-full e-flex e-con e-child\" data-id=\"3f84c85\" data-element_type=\"container\" data-settings=\"{&quot;background_background&quot;:&quot;classic&quot;}\">\n\t\t\t\t<div class=\"elementor-element elementor-element-472f46f elementor-widget elementor-widget-image\" data-id=\"472f46f\" data-element_type=\"widget\" data-widget_type=\"image.default\">\n\t\t\t\t<div class=\"elementor-widget-container\">\n\t\t\t\t\t\t\t\t\t\t\t\t\t\t\t<img decoding=\"async\" width=\"69\" height=\"68\" src=\"https:\/\/prodental.wwh.lv\/wp-content\/uploads\/2024\/05\/Alignment-Treatment.png\" class=\"attachment-full size-full wp-image-1687\" alt=\"\" \/>\t\t\t\t\t\t\t\t\t\t\t\t\t\t\t<\/div>\n\t\t\t\t<\/div>\n\t\t\t\t<div class=\"elementor-element elementor-element-639ff63 elementor-widget elementor-widget-heading\" data-id=\"639ff63\" data-element_type=\"widget\" data-widget_type=\"heading.default\">\n\t\t\t\t<div class=\"elementor-widget-container\">\n\t\t\t\t\t<h2 class=\"elementor-heading-title elementor-size-default\">Apm\u0101c\u012bbas<\/h2>\t\t\t\t<\/div>\n\t\t\t\t<\/div>\n\t\t\t\t<div class=\"elementor-element elementor-element-a709210 elementor-widget elementor-widget-text-editor\" data-id=\"a709210\" data-element_type=\"widget\" data-widget_type=\"text-editor.default\">\n\t\t\t\t<div class=\"elementor-widget-container\">\n\t\t\t\t\t\t\t\t\t<p>Veicam klientu apm\u0101c\u012bbu par m\u016bsu pied\u0101v\u0101taj\u0101m prec\u0113m, to jaunumiem un pielietojumu praks\u0113. Konkr\u0113ta inform\u0101cija par apm\u0101c\u012bb\u0101m tiks public\u0113ta, tikko b\u016bs apstiprin\u0101ts \u0161\u012b gada apm\u0101c\u012bbu grafiks. Atst\u0101j mums savus kontaktus, lai sa\u0146emtu jaunumus par apm\u0101c\u012bbu pieejam\u012bbu.<\/p>\t\t\t\t\t\t\t\t<\/div>\n\t\t\t\t<\/div>\n\t\t<div class=\"elementor-element elementor-element-a75202c e-con-full e-flex e-con e-child\" data-id=\"a75202c\" data-element_type=\"container\">\n\t\t\t\t<div class=\"elementor-element elementor-element-546066a elementor-align-center elementor-widget elementor-widget-button\" data-id=\"546066a\" data-element_type=\"widget\" data-widget_type=\"button.default\">\n\t\t\t\t<div class=\"elementor-widget-container\">\n\t\t\t\t\t\t\t\t\t<div class=\"elementor-button-wrapper\">\n\t\t\t\t\t<a class=\"elementor-button elementor-button-link elementor-size-sm\" href=\"https:\/\/prodental.wwh.lv\/?page_id=11\">\n\t\t\t\t\t\t<span class=\"elementor-button-content-wrapper\">\n\t\t\t\t\t\t\t\t\t<span class=\"elementor-button-text\">Sazinies<\/span>\n\t\t\t\t\t<\/span>\n\t\t\t\t\t<\/a>\n\t\t\t\t<\/div>\n\t\t\t\t\t\t\t\t<\/div>\n\t\t\t\t<\/div>\n\t\t\t\t<\/div>\n\t\t\t\t<\/div>\n\t\t\t\t<\/div>\n\t\t\t\t<\/div>\n\t\t\t\t<\/div>\n\t\t","protected":false},"excerpt":{"rendered":"<p>Apm\u0101c\u012bbas Veicam klientu apm\u0101c\u012bbu par m\u016bsu pied\u0101v\u0101taj\u0101m prec\u0113m, to jaunumiem un pielietojumu praks\u0113. Konkr\u0113ta inform\u0101cija par apm\u0101c\u012bb\u0101m tiks public\u0113ta, tikko b\u016bs apstiprin\u0101ts \u0161\u012b gada apm\u0101c\u012bbu grafiks. Atst\u0101j mums savus kontaktus, lai sa\u0146emtu jaunumus par apm\u0101c\u012bbu pieejam\u012bbu. Sazinies<\/p>\n","protected":false},"author":1,"featured_media":0,"parent":0,"menu_order":0,"comment_status":"closed","ping_status":"closed","template":"","meta":{"zakra_sidebar_layout":"stretched","zakra_remove_content_margin":false,"zakra_sidebar":"customizer","zakra_transparent_header":"customizer","zakra_logo":0,"zakra_main_header_style":"default","zakra_menu_item_color":"","zakra_menu_item_hover_color":"","zakra_menu_item_active_color":"","zakra_menu_active_style":"","zakra_page_header":true,"footnotes":""},"class_list":["post-2841","page","type-page","status-publish","hentry"],"_links":{"self":[{"href":"https:\/\/prodental.wwh.lv\/index.php?rest_route=\/wp\/v2\/pages\/2841","targetHints":{"allow":["GET"]}}],"collection":[{"href":"https:\/\/prodental.wwh.lv\/index.php?rest_route=\/wp\/v2\/pages"}],"about":[{"href":"https:\/\/prodental.wwh.lv\/index.php?rest_route=\/wp\/v2\/types\/page"}],"author":[{"embeddable":true,"href":"https:\/\/prodental.wwh.lv\/index.php?rest_route=\/wp\/v2\/users\/1"}],"replies":[{"embeddable":true,"href":"https:\/\/prodental.wwh.lv\/index.php?rest_route=%2Fwp%2Fv2%2Fcomments&post=2841"}],"version-history":[{"count":70,"href":"https:\/\/prodental.wwh.lv\/index.php?rest_route=\/wp\/v2\/pages\/2841\/revisions"}],"predecessor-version":[{"id":3335,"href":"https:\/\/prodental.wwh.lv\/index.php?rest_route=\/wp\/v2\/pages\/2841\/revisions\/3335"}],"wp:attachment":[{"href":"https:\/\/prodental.wwh.lv\/index.php?rest_route=%2Fwp%2Fv2%2Fmedia&parent=2841"}],"curies":[{"name":"wp","href":"https:\/\/api.w.org\/{rel}","templated":true}]}}